{"id":1835,"date":"2016-09-18T11:42:51","date_gmt":"2016-09-18T09:42:51","guid":{"rendered":"https:\/\/www.fineart-online.biz\/?page_id=1835"},"modified":"2026-01-03T19:11:21","modified_gmt":"2026-01-03T18:11:21","slug":"shipping-delivery-payment","status":"publish","type":"page","link":"https:\/\/www.fineart-online.biz\/en\/shipping-delivery-payment\/","title":{"rendered":"Shipping, delivery, payment"},"content":{"rendered":"[et_pb_section fb_built=&#8221;1&#8243; _builder_version=&#8221;4.23.4&#8243; custom_margin=&#8221;0px||||false|false&#8221; custom_padding=&#8221;0px||||false|false&#8221; global_colors_info=&#8221;{}&#8221;][et_pb_row _builder_version=&#8221;4.23.4&#8243; background_size=&#8221;initial&#8221; background_position=&#8221;top_left&#8221; background_repeat=&#8221;repeat&#8221; custom_margin=&#8221;0px||0px||false|false&#8221; custom_padding=&#8221;0px||0px||false|false&#8221; global_colors_info=&#8221;{}&#8221;][et_pb_column type=&#8221;4_4&#8243; _builder_version=&#8221;4.16&#8243; custom_padding=&#8221;|||&#8221; global_colors_info=&#8221;{}&#8221; custom_padding__hover=&#8221;|||&#8221;][et_pb_text _builder_version=&#8221;4.24.2&#8243; background_size=&#8221;initial&#8221; background_position=&#8221;top_left&#8221; background_repeat=&#8221;repeat&#8221; global_colors_info=&#8221;{}&#8221;]\n<h1>Shipping costs, packaging, delivery times and payment methods<\/h1>\n[\/et_pb_text][\/et_pb_column][\/et_pb_row][et_pb_row column_structure=&#8221;1_2,1_2&#8243; _builder_version=&#8221;4.23.4&#8243; background_size=&#8221;initial&#8221; background_position=&#8221;top_left&#8221; background_repeat=&#8221;repeat&#8221; custom_margin=&#8221;0px||||false|false&#8221; custom_padding=&#8221;0px||||false|false&#8221; global_colors_info=&#8221;{}&#8221;][et_pb_column type=&#8221;1_2&#8243; _builder_version=&#8221;4.16&#8243; custom_padding=&#8221;|||&#8221; global_colors_info=&#8221;{}&#8221; custom_padding__hover=&#8221;|||&#8221;][et_pb_text _builder_version=&#8221;4.27.4&#8243; background_size=&#8221;initial&#8221; background_position=&#8221;top_left&#8221; background_repeat=&#8221;repeat&#8221; hover_enabled=&#8221;0&#8243; global_colors_info=&#8221;{}&#8221; sticky_enabled=&#8221;0&#8243;]\n<h2>Shipping costs &amp; packaging<\/h2>\n<p><strong>Germany<\/strong><br \/>Within Germany the shipping costs for FineArt prints up to the format of:<\/p>\n        <div class=\"fap-container fap-service-container\" \n             data-calculator=\"auto\"\n             data-lang=\"en\">\n            \n                        \n                        \n            <div class=\"fap-table-container\" data-table-id=\"15\">\n                        <table class=\"fap-price-table fap-service-table\">\n            <thead>\n                <tr>\n                    <th>Width + Height<\/th>\n                    <th>Price<\/th>\n                <\/tr>\n            <\/thead>\n            <tbody>\n                                <tr data-key=\"20x30\" \n                    data-price=\"9.00\">\n                    \n                                        <td class=\"fap-entry-label\">up to 20x30cm<\/td>\n                    <td class=\"fap-price\">9,00 \u20ac<\/td>\n                <\/tr>\n                                <tr data-key=\"60x90\" \n                    data-price=\"14.00\">\n                    \n                                        <td class=\"fap-entry-label\">up to 60x90cm<\/td>\n                    <td class=\"fap-price\">14,00 \u20ac<\/td>\n                <\/tr>\n                                <tr data-key=\"70x100\" \n                    data-price=\"21.00\">\n                    \n                                        <td class=\"fap-entry-label\">up to 70x100cm<\/td>\n                    <td class=\"fap-price\">21,00 \u20ac<\/td>\n                <\/tr>\n                                <tr data-key=\"Proof\" \n                    data-price=\"3.00\">\n                    \n                                        <td class=\"fap-entry-label\">Proof Prints<\/td>\n                    <td class=\"fap-price\">3,00 \u20ac<\/td>\n                <\/tr>\n                            <\/tbody>\n        <\/table>\n        \n                            <\/div>\n            \n        <\/div>\n        \n<p>* Prices in Euro incl. VAT<\/p>\n<p>For formats larger than 70cm x 100cm, shipping costs are calculated individually and communicated before the order is accepted.<\/p>\n<h2>Security packaging<\/h2>\n<p>For your prints (up to 70cm x 100cm), individual, stable, flat packaging is produced, consisting of two hardboard panels, intermediate cardboard and outer packaging. The prints are separated with tissue paper.<\/p>\n<p>Flat packaging for larger formats by arrangement.<\/p>\n<p>Only wood, cardboard, paper tape and stretch film made from biodegradable materials are used in the most cases.<\/p>\n<p>For individual prints (or for larger prints that are not to be sent by a forwarding agent), we can also send them on rolls. In this case we only use rolls with a sufficient diameter to be able to roll prints reasonably (100mm &#8211; 120mm).<\/p>\n<p>No individual packaging is provided for sample\/proof prints; they are sent as described under &#8220;Sample\/proof print&#8221; by letter post. Exceptions are proofs\/prints that are requested larger than the postal format allows.<\/p>\n<p><strong>Special sizes\/quantities Germany<\/strong><br \/>For custom-made products or if it is not possible to keep to the above flat-rate shipping costs within Germany (e.g. for large numbers of prints), we will inform you of the shipping costs before accepting your order.<\/p>\n<p><strong>Outside Germany<\/strong><br \/>For shipping abroad, we will inform you of the shipping costs before accepting your order.<\/p>\n<p><strong>Neutral shipping<\/strong><br \/>Is possible within Germany. You act as the sender, none of our invoices or delivery bills are enclosed with the shipment. Our stickers and other notices are also omitted. Your invoices or delivery bills, which you provide to us as a PDF, can be enclosed. The same conditions apply as for shipping to Germany.<\/p>\n<p><strong>Collection<\/strong><br \/>Collection in Potsdam is possible. Please bring suitable folders or similar. Of course, we also produce packaging for collection &#8211; made of the same materials as our transport packaging. This will be charged at cost.<\/p>\n<p>&nbsp;<\/p>\n[\/et_pb_text][\/et_pb_column][et_pb_column type=&#8221;1_2&#8243; _builder_version=&#8221;4.16&#8243; custom_padding=&#8221;|||&#8221; global_colors_info=&#8221;{}&#8221; custom_padding__hover=&#8221;|||&#8221;][et_pb_text _builder_version=&#8221;4.27.4&#8243; _module_preset=&#8221;default&#8221; hover_enabled=&#8221;0&#8243; global_colors_info=&#8221;{}&#8221; sticky_enabled=&#8221;0&#8243;]\n<h2>Minimum quantity surcharge<\/h2>\n<p>We do not have a minimum order value. However, we do produce elaborate individual packaging for each of your orders. For orders below 35.00 euros* value of goods (value of goods incl. VAT without the shipping costs) we charge a surcharge of 15.00 euros*. The minimum quantity surcharge does not apply to sample\/proof prints.<\/p>\n<p>* Prices in Euro incl. VAT<\/p>\n<h2>Delivery times<\/h2>\n<h2><span style=\"color: #ff0000;\">Attention<\/span><\/h2>\n<p><span style=\"color: #ff0000;\">Always agree the size of projects in good time. Not all papers are always in stock. Awagami papers in particular sometimes have long delivery times.<\/span><\/p>\n<p>Your FineArt prints are usually dispatched within 5 working days. Within Germany, the delivery time by DPD or DHL is approx. 2-3 days, by freight forwarder 3-5 days.<\/p>\n<p>For special orders or a larger number of prints, we will inform you of the delivery time before executing or accepting the order.<\/p>\n<p><strong>Express production<\/strong> (if material is in stock) is possible (1-2 working days until dispatch), but will be charged with a surcharge of 15.00 Euro* per order. Shorter times are not possible &#8211; as prints also have to dry.<\/p>\n<h3>Payment methods<\/h3>\n<p>The payment methods prepayment and invoice are available.<\/p>\n<p>From a value of goods of 125Euro (value of goods incl. VAT without shipping costs) an advance invoice will be issued. Payment is made by bank transfer for both advance payment and invoice. Cash payment is not possible.<\/p>\n<p>&nbsp;<\/p>\n[\/et_pb_text][\/et_pb_column][\/et_pb_row][\/et_pb_section]\n","protected":false},"excerpt":{"rendered":"<p>Shipping costs, packaging, delivery times and payment methodsShipping costs &amp; packaging GermanyWithin Germany the shipping costs for FineArt prints up to the format of:         <div class=\"fap-container fap-service-container\" \n             data-calculator=\"auto\"\n             data-lang=\"en\">\n            \n                        \n                        \n            <div class=\"fap-table-container\" data-table-id=\"15\">\n                        <table class=\"fap-price-table fap-service-table\">\n            <thead>\n                <tr>\n                    <th>Width + Height<\/th>\n                    <th>Price<\/th>\n                <\/tr>\n            <\/thead>\n            <tbody>\n                                <tr data-key=\"20x30\" \n                    data-price=\"9.00\">\n                    \n                                        <td class=\"fap-entry-label\">up to 20x30cm<\/td>\n                    <td class=\"fap-price\">9,00 \u20ac<\/td>\n                <\/tr>\n                                <tr data-key=\"60x90\" \n                    data-price=\"14.00\">\n                    \n                                        <td class=\"fap-entry-label\">up to 60x90cm<\/td>\n                    <td class=\"fap-price\">14,00 \u20ac<\/td>\n                <\/tr>\n                                <tr data-key=\"70x100\" \n                    data-price=\"21.00\">\n                    \n                                        <td class=\"fap-entry-label\">up to 70x100cm<\/td>\n                    <td class=\"fap-price\">21,00 \u20ac<\/td>\n                <\/tr>\n                                <tr data-key=\"Proof\" \n                    data-price=\"3.00\">\n                    \n                                        <td class=\"fap-entry-label\">Proof Prints<\/td>\n                    <td class=\"fap-price\">3,00 \u20ac<\/td>\n                <\/tr>\n                            <\/tbody>\n        <\/table>\n        \n                            <\/div>\n            \n        <\/div>\n         * Prices in Euro incl. VAT For formats larger than 70cm x 100cm, shipping costs are calculated individually and communicated before the order is accepted. Security packaging For your [&hellip;]<\/p>\n","protected":false},"author":1,"featured_media":0,"parent":0,"menu_order":0,"comment_status":"closed","ping_status":"closed","template":"","meta":{"_et_pb_use_builder":"on","_et_pb_old_content":"<p>[et_pb_section fb_built=\"1\" _builder_version=\"4.23.4\" custom_margin=\"0px||||false|false\" custom_padding=\"0px||||false|false\" global_colors_info=\"{}\"][et_pb_row _builder_version=\"4.23.4\" background_size=\"initial\" background_position=\"top_left\" background_repeat=\"repeat\" custom_margin=\"0px||0px||false|false\" custom_padding=\"0px||0px||false|false\" global_colors_info=\"{}\"][et_pb_column type=\"4_4\" _builder_version=\"4.16\" custom_padding=\"|||\" global_colors_info=\"{}\" custom_padding__hover=\"|||\"][et_pb_text _builder_version=\"4.23.4\" background_size=\"initial\" background_position=\"top_left\" background_repeat=\"repeat\" global_colors_info=\"{}\"]<\/p><h1>Versandkosten, Verpackung,\u00a0 Lieferzeiten und Bezahlarten<\/h1><p>[\/et_pb_text][\/et_pb_column][\/et_pb_row][et_pb_row column_structure=\"1_2,1_2\" _builder_version=\"4.23.4\" background_size=\"initial\" background_position=\"top_left\" background_repeat=\"repeat\" custom_margin=\"0px||||false|false\" custom_padding=\"0px||||false|false\" global_colors_info=\"{}\"][et_pb_column type=\"1_2\" _builder_version=\"4.16\" custom_padding=\"|||\" global_colors_info=\"{}\" custom_padding__hover=\"|||\"][et_pb_text _builder_version=\"4.23.4\" background_size=\"initial\" background_position=\"top_left\" background_repeat=\"repeat\" hover_enabled=\"0\" global_colors_info=\"{}\" sticky_enabled=\"0\"]<\/p><h2>Versandkosten & Verpackung<\/h2><p><strong>Deutschland<\/strong><br \/>Innerhalb von Deutschland liegen die Versandkosten f\u00fcr FineArt Drucke bis zum Format von:<\/p><p>20cm x 30cm bei 9,00Euro*<br \/>60cm x 90cm bei 14,00 Euro*<br \/>ab 60cm x 90cm bis 70cm x 100cm bei 21,00 Euro*<\/p><p>Bei Formaten gr\u00f6\u00dfer 70cm x 100cm werden Versandkosten individuell ermittelt und vor Auftragsanahme kommuniziert.<\/p><p>F\u00fcr Ihre Drucke (bis 70cm x 100cm) werden individuelle stabile, flache Verpackungen angefertigt, die aus zwei Hartfaserplatten bestehen sowie Zwischenlegekarton und einer Umverpackung. Die Drucke werden mit Seidenpapier getrennt.<\/p><p>Bei gr\u00f6\u00dferen Formaten flache Verpackungen nach Absprache.<\/p><p>Zur Verwendung kommen ausschlie\u00dflich Holz, Pappe, Papierklebeb\u00e4nder und Stretchfolie aus biologisch abbaubaren Materialien.<\/p><p>F\u00fcr einzelne Drucke (oder auch bei gr\u00f6\u00dferen Drucken, die nicht per Spedition gesendet werden sollen) kann ein Versand auch per Rolle stattfinden. Hierbei verwenden wir nur Rollen die ausreichende Durchmesser haben um Drucke vern\u00fcftig rollen zu k\u00f6nnen (100mm - 120mm).<\/p><p>F\u00fcr Probe\/Proof-Drucke wird keine individuelle Verpackung angefertigt, der Versand erfolgt wie beschrieben unter \"Probe\/Proof-Druck\" f\u00fcr 3,00 Euro* per Briefpost. Ausnahme sind Proof\/Drucke die gr\u00f6\u00dfer gew\u00fcnscht werden als das Postformat zul\u00e4\u00dft.<\/p><p><strong>Sondergr\u00f6\u00dfen\/Mengen Deutschland<\/strong><br \/>Bei Sonderanfertigungen oder bei evtl. Unm\u00f6glichkeit die obigen Versandkostenpauschalen innerhalb Deutschlands einhalten zu k\u00f6nnen (z.B. bei gro\u00dfer Anzahl von Drucken) nennen wir Ihnen vor Auftragsanahme den Versandkostenpreis.<\/p><p><strong>Au\u00dferhalb Deutschland<\/strong><br \/>F\u00fcr den Versand ins Ausland nennen wir Ihnen vor Auftragsanahme den Versandkostenpreis.<\/p><p><strong>Abholung<\/strong><br \/>Eine Abholung in Potsdam ist m\u00f6glich. Daf\u00fcr sind bitte geeignete Mappen o.\u00e4. mitzubringen. Selbstverst\u00e4ndlich fertigen wir auch f\u00fcr die Abholung Verpackungen an - die aus den gleichen Materialien bestehen wie unsere Transportverpackungen. Diese werden nach Aufwand berechnet.<\/p><h2>Mindermengenzuschlag<\/h2><p>Wir haben keinen Mindestbestellwert. Allerdings fertigen f\u00fcr jeden Ihrer Auftr\u00e4ge eine aufw\u00e4ndige individuelle Verpackung an, bei Bestellungen unterhalb von 35,00 Euro* Warenwert (Warenwert inkl. gesetzl. MwSt ohne den Versandkostenanteil) berechnen wir einen Zuschlag von 15,00 Euro*. Der Mindermengenzuschlag gilt nicht f\u00fcr Probe\/Proof-Drucke.<\/p><p>* Preise in Euro inkl. gesetzl. MwSt[\/et_pb_text][\/et_pb_column][et_pb_column type=\"1_2\" _builder_version=\"4.16\" custom_padding=\"|||\" global_colors_info=\"{}\" custom_padding__hover=\"|||\"][et_pb_text _builder_version=\"4.23.4\" _module_preset=\"default\" global_colors_info=\"{}\"]<\/p><h2>Lieferzeiten<\/h2><h2><span style=\"color: #ff0000;\">Achtung<\/span><\/h2><p><span style=\"color: #ff0000;\">Gr\u00f6\u00dfe Projekte immer rechtzeitig absprechen. Nicht alle Papiere sind st\u00e4ndig vorr\u00e4tig. Insbesondere Papiere von Awagami haben zum Teil lange Lieferzeiten.<\/span><\/p><p>Ihre FineArt Drucke werden, in der Regel, innerhalb von <strong><span style=\"color: #993366;\">5 Werktagen<\/span><\/strong> in den Versand gegegeben. Innerhalb von Deutschland betr\u00e4gt dann die <span style=\"color: #993366;\"><strong>Lieferzeit per DPD oder DHL ca. 2-3 Tage<\/strong><\/span>, per Spedition 3-5 Tage.<\/p><p>Bei Sonderarbeiten oder eine gr\u00f6\u00dferen Anzahl von Drucken nennen wir Ihnen vor Auftragsausf\u00fchrung bzw. Annahme die Lieferzeit.<\/p><p>Expressanfertigungen (sofern Material vorr\u00e4tig) sind m\u00f6glich (1-2 Werktage bis zum Versand), werden aber mit 15,00 Euro* Aufschlag, per Auftrag, berechnet. K\u00fcrzere Zeiten sind nicht m\u00f6glich - da Drucke auch trocknen m\u00fcssen.<\/p><h3>Bezahlarten<\/h3><p>Es stehen die Bezahlarten Vorkasse und Rechnung zur Verf\u00fcgung.<\/p><p>Ab einem Warenwert von 125Euro (Warenwert inkl. gesetzl. MwSt ohne den Versandkostenanteil) wird eine Vorabrechnung erstellt. Eine Bezahlung erfolgt sowohl bei Vorkasse als auch bei Rechnung per Bank\u00fcberweisung. Barzahlung ist nicht m\u00f6glich.<\/p><p>[\/et_pb_text][\/et_pb_column][\/et_pb_row][\/et_pb_section]<\/p>","_et_gb_content_width":"","footnotes":""},"class_list":["post-1835","page","type-page","status-publish","hentry"],"wp-worthy-pixel":{"ignored":false,"public":null,"server":null,"url":null},"wp-worthy-type":"normal","_links":{"self":[{"href":"https:\/\/www.fineart-online.biz\/en\/wp-json\/wp\/v2\/pages\/1835","targetHints":{"allow":["GET"]}}],"collection":[{"href":"https:\/\/www.fineart-online.biz\/en\/wp-json\/wp\/v2\/pages"}],"about":[{"href":"https:\/\/www.fineart-online.biz\/en\/wp-json\/wp\/v2\/types\/page"}],"author":[{"embeddable":true,"href":"https:\/\/www.fineart-online.biz\/en\/wp-json\/wp\/v2\/users\/1"}],"replies":[{"embeddable":true,"href":"https:\/\/www.fineart-online.biz\/en\/wp-json\/wp\/v2\/comments?post=1835"}],"version-history":[{"count":11,"href":"https:\/\/www.fineart-online.biz\/en\/wp-json\/wp\/v2\/pages\/1835\/revisions"}],"predecessor-version":[{"id":3927,"href":"https:\/\/www.fineart-online.biz\/en\/wp-json\/wp\/v2\/pages\/1835\/revisions\/3927"}],"wp:attachment":[{"href":"https:\/\/www.fineart-online.biz\/en\/wp-json\/wp\/v2\/media?parent=1835"}],"curies":[{"name":"wp","href":"https:\/\/api.w.org\/{rel}","templated":true}]}}