{"id":1836,"date":"2016-09-18T10:22:35","date_gmt":"2016-09-18T08:22:35","guid":{"rendered":"https:\/\/www.fineart-online.biz\/?page_id=1836"},"modified":"2024-05-10T14:59:10","modified_gmt":"2024-05-10T12:59:10","slug":"cancellation-policy","status":"publish","type":"page","link":"https:\/\/www.fineart-online.biz\/en\/cancellation-policy\/","title":{"rendered":"Cancellation policy"},"content":{"rendered":"[et_pb_section fb_built=&#8221;1&#8243; _builder_version=&#8221;4.23.4&#8243; custom_margin=&#8221;0px||||false|false&#8221; custom_padding=&#8221;0px||||false|false&#8221; global_colors_info=&#8221;{}&#8221;][et_pb_row _builder_version=&#8221;4.23.4&#8243; background_size=&#8221;initial&#8221; background_position=&#8221;top_left&#8221; background_repeat=&#8221;repeat&#8221; custom_margin=&#8221;0px||0px||false|false&#8221; custom_padding=&#8221;0px||0px||false|false&#8221; global_colors_info=&#8221;{}&#8221;][et_pb_column type=&#8221;4_4&#8243; _builder_version=&#8221;4.16&#8243; custom_padding=&#8221;|||&#8221; global_colors_info=&#8221;{}&#8221; custom_padding__hover=&#8221;|||&#8221;][et_pb_text _builder_version=&#8221;4.24.2&#8243; background_size=&#8221;initial&#8221; background_position=&#8221;top_left&#8221; background_repeat=&#8221;repeat&#8221; global_colors_info=&#8221;{}&#8221;]\n<h1>Cancellation policy<\/h1>\n<p>&nbsp;[\/et_pb_text][\/et_pb_column][\/et_pb_row][et_pb_row _builder_version=&#8221;4.23.4&#8243; background_size=&#8221;initial&#8221; background_position=&#8221;top_left&#8221; background_repeat=&#8221;repeat&#8221; custom_margin=&#8221;0px||||false|false&#8221; custom_padding=&#8221;0px||||false|false&#8221; global_colors_info=&#8221;{}&#8221;][et_pb_column type=&#8221;4_4&#8243; _builder_version=&#8221;4.16&#8243; custom_padding=&#8221;|||&#8221; global_colors_info=&#8221;{}&#8221; custom_padding__hover=&#8221;|||&#8221;][et_pb_text _builder_version=&#8221;4.24.2&#8243; background_size=&#8221;initial&#8221; background_position=&#8221;top_left&#8221; background_repeat=&#8221;repeat&#8221; global_colors_info=&#8221;{}&#8221;]\n<p>All products offered by us are made individually for you, according to your personal specifications.<br \/>A right of withdrawal is therefore excluded in accordance with \u00a7 312d IV No. 1 BGB.<\/p>\n<p><strong><span style=\"color: #993366;\">Please consider carefully before ordering whether you really want to have the items made and are able to pay for them. However, if we have not yet produced your work, we are prepared to cancel it.<\/span><\/strong><\/p>\n[\/et_pb_text][\/et_pb_column][\/et_pb_row][\/et_pb_section]\n","protected":false},"excerpt":{"rendered":"<p>Cancellation policy &nbsp;All products offered by us are made individually for you, according to your personal specifications.A right of withdrawal is therefore excluded in accordance with \u00a7 312d IV No. 1 BGB. Please consider carefully before ordering whether you really want to have the items made and are able to pay for them. However, if [&hellip;]<\/p>\n","protected":false},"author":1,"featured_media":0,"parent":0,"menu_order":0,"comment_status":"closed","ping_status":"closed","template":"","meta":{"_et_pb_use_builder":"on","_et_pb_old_content":"<p>[et_pb_section fb_built=\"1\" _builder_version=\"4.23.4\" hover_enabled=\"0\" global_colors_info=\"{}\" custom_margin=\"0px||||false|false\" custom_padding=\"0px||||false|false\" sticky_enabled=\"0\"][et_pb_row _builder_version=\"4.23.4\" background_size=\"initial\" background_position=\"top_left\" background_repeat=\"repeat\" hover_enabled=\"0\" global_colors_info=\"{}\" custom_margin=\"0px||0px||false|false\" custom_padding=\"0px||0px||false|false\" sticky_enabled=\"0\"][et_pb_column type=\"4_4\" _builder_version=\"4.16\" custom_padding=\"|||\" global_colors_info=\"{}\" custom_padding__hover=\"|||\"][et_pb_text _builder_version=\"4.23.4\" background_size=\"initial\" background_position=\"top_left\" background_repeat=\"repeat\" hover_enabled=\"0\" global_colors_info=\"{}\" sticky_enabled=\"0\"]<\/p><h1>Widerrufsbelehrung<\/h1><p>\u00a0<\/p><p>[\/et_pb_text][\/et_pb_column][\/et_pb_row][et_pb_row _builder_version=\"4.23.4\" background_size=\"initial\" background_position=\"top_left\" background_repeat=\"repeat\" hover_enabled=\"0\" global_colors_info=\"{}\" custom_margin=\"0px||||false|false\" custom_padding=\"0px||||false|false\" sticky_enabled=\"0\"][et_pb_column type=\"4_4\" _builder_version=\"4.16\" custom_padding=\"|||\" global_colors_info=\"{}\" custom_padding__hover=\"|||\"][et_pb_text _builder_version=\"4.23.4\" background_size=\"initial\" background_position=\"top_left\" background_repeat=\"repeat\" hover_enabled=\"0\" global_colors_info=\"{}\" sticky_enabled=\"0\"]<\/p><p>Alle von uns angebotenen Produkte werden individuell f\u00fcr Sie, nach Ihren pers\u00f6nlichen Vorgaben angefertigt.<br \/>Ein Widerrufsrecht ist daher gem\u00e4ss \u00a7 312d IV Nr. 1 BGB ausgeschlossen.<\/p><p><strong><span style=\"color: #993366;\">Bitte vor der Bestellung gut \u00fcberlegen ob Sie die Artikel wirklich anfertigen lassen m\u00f6chten und diese auch bezahlen k\u00f6nnen. Sollten wir Ihre Arbeiten noch nicht gefertigt haben sind wir aber zu einer Stornierung bereit.<\/span><\/strong><\/p><p>[\/et_pb_text][\/et_pb_column][\/et_pb_row][\/et_pb_section]<\/p>","_et_gb_content_width":"","footnotes":""},"class_list":["post-1836","page","type-page","status-publish","hentry"],"wp-worthy-pixel":{"ignored":false,"public":null,"server":null,"url":null},"wp-worthy-type":"normal","_links":{"self":[{"href":"https:\/\/www.fineart-online.biz\/en\/wp-json\/wp\/v2\/pages\/1836","targetHints":{"allow":["GET"]}}],"collection":[{"href":"https:\/\/www.fineart-online.biz\/en\/wp-json\/wp\/v2\/pages"}],"about":[{"href":"https:\/\/www.fineart-online.biz\/en\/wp-json\/wp\/v2\/types\/page"}],"author":[{"embeddable":true,"href":"https:\/\/www.fineart-online.biz\/en\/wp-json\/wp\/v2\/users\/1"}],"replies":[{"embeddable":true,"href":"https:\/\/www.fineart-online.biz\/en\/wp-json\/wp\/v2\/comments?post=1836"}],"version-history":[{"count":5,"href":"https:\/\/www.fineart-online.biz\/en\/wp-json\/wp\/v2\/pages\/1836\/revisions"}],"predecessor-version":[{"id":2658,"href":"https:\/\/www.fineart-online.biz\/en\/wp-json\/wp\/v2\/pages\/1836\/revisions\/2658"}],"wp:attachment":[{"href":"https:\/\/www.fineart-online.biz\/en\/wp-json\/wp\/v2\/media?parent=1836"}],"curies":[{"name":"wp","href":"https:\/\/api.w.org\/{rel}","templated":true}]}}